{"id":873,"date":"2025-12-23T13:17:29","date_gmt":"2025-12-23T10:17:29","guid":{"rendered":"https:\/\/study-medicine.ng\/?page_id=873"},"modified":"2026-04-08T11:24:18","modified_gmt":"2026-04-08T08:24:18","slug":"about","status":"publish","type":"page","link":"https:\/\/sechenov.co.za\/fr\/about\/","title":{"rendered":"\u00c0 propos de l\u2019universit\u00e9"},"content":{"rendered":"\n<section class=\"breadcrumbs\" aria-label=\"breadcrumbs\">\n  <div class=\"container\">\n    <ul class=\"breadcrumbs__list\">\n      <li class=\"breadcrumbs__item\">\n        <a href=\"\/en\/\" class=\"breadcrumbs__link\">Home<\/a>\n      <\/li>\n      <li class=\"breadcrumbs__item\">\n        <a href=\"#\" class=\"breadcrumbs__link\">About the University<\/a>\n      <\/li>\n    <\/ul>\n  <\/div>\n<\/section>\n\n\n<div class=\"page-header\">\n  <div class=\"container\">\n    <h1 class=\"page-title\">\u00c0 propos de l\u2019universit\u00e9<\/h1>\n  <\/div>\n<\/div>\n\n\n<section class=\"banner\">\n  <div class=\"container\">\n    <div class=\"banner__item\">\n      <picture class=\"banner__overlay-wrapper\">\n        <source media=\"(max-width: 767px)\" srcset=\"\/wp-content\/themes\/se4\/images\/photos\/about-banner-1-mobile.webp 1x, \/wp-content\/themes\/se4\/images\/photos\/about-banner-1-mobile@2x.webp 2x\" type=\"image\/webp\">\n        <source media=\"(min-width: 768px)\" srcset=\"\/wp-content\/themes\/se4\/images\/photos\/about-banner-1-desktop.webp 1x, \/wp-content\/themes\/se4\/images\/photos\/about-banner-1-desktop@2x.webp 2x\" type=\"image\/webp\">\n        <img decoding=\"async\" class=\"banner__image image-cover\" src=\"\/wp-content\/themes\/se4\/images\/photos\/about-banner-1-desktop.webp\" alt=\"\u041e\u0442\u043a\u0440\u044b\u0442 \u043d\u0430\u0431\u043e\u0440 \u043d\u0430 2026 \u0433\u043e\u0434\" loading=\"eager\" fetchpriority=\"high\" width=\"554\" height=\"530\">\n      <\/picture>\n      <div class=\"banner__content\">\n        <h1 class=\"banner__title\">\n          Mission de Sechenov University\n        <\/h1>\n        <p class=\"banner__text\">\n          La mission de Sechenov University consiste \u00e0 am\u00e9liorer en permanence la qualit\u00e9 de vie des personnes gr\u00e2ce au d\u00e9veloppement de la recherche biom\u00e9dicale interdisciplinaire et \u00e0 la cr\u00e9ation d\u2019un enseignement avanc\u00e9, fond\u00e9 sur la science, reposant sur l\u2019innovation, les d\u00e9veloppements et leur application pratique.\n        <\/p>\n      <\/div>\n    <\/div>\n  <\/div>\n<\/section>\n\n<section class=\"content-cms\">\n  <div class=\"container\">\n    <div class=\"block\">\n      <h2>\u00c0 propos de Sechenov University\n      <\/h2>\n      <p>Sechenov University est la plus ancienne universit\u00e9 de m\u00e9decine de Russie, fond\u00e9e en 1758 en tant que facult\u00e9 de m\u00e9decine de Imperial Moscow University. L\u2019histoire de Sechenov University s\u2019\u00e9tend sur plus de deux si\u00e8cles, au cours desquels l\u2019universit\u00e9 a \u00e9t\u00e9 pionni\u00e8re de la m\u00e9decine russe, a form\u00e9 des m\u00e9decins et des scientifiques de premier plan et a apport\u00e9 une contribution significative au d\u00e9veloppement du secteur de la sant\u00e9.\n      <\/p>\n    <\/div>\n    <div class=\"block\">\n      <blockquote>\n        <p>\n          La reconnaissance internationale de Sechenov University est confirm\u00e9e par ses positions \u00e9lev\u00e9es dans les classements mondiaux, par la coop\u00e9ration avec des universit\u00e9s et des centres de recherche de premier plan, ainsi que par la reconnaissance de ses dipl\u00f4m\u00e9s pour leur contribution remarquable \u00e0 la m\u00e9decine mondiale. Aujourd\u2019hui, Sechenov University est un centre acad\u00e9mique et de recherche moderne qui d\u00e9veloppe la m\u00e9decine de demain sur la base du stage clinique, de recherches interdisciplinaires avanc\u00e9es et de technologies innovantes.\n        <\/p>\n      <\/blockquote>\n    <\/div>\n    <div class=\"block\">\n      <p>Sechenov University, qui b\u00e9n\u00e9ficie du statut de plus grand campus clinique d\u2019Europe de l\u2019Est, offre aux \u00e9tudiants \u00e9trangers un acc\u00e8s \u00e0 une infrastructure de pointe. Les \u00e9tudiants internationaux utilisent les ressources modernes de l\u2019universit\u00e9, participent \u00e0 des initiatives internationales et acqui\u00e8rent une exp\u00e9rience pratique pr\u00e9cieuse. Tout cela leur ouvre les avantages suivants:\n      <\/p>\n      <ul>\n        <li>\n          <b>Buddy Program<\/b><br>\n          Un accompagnement est propos\u00e9 aux nouveaux \u00e9tudiants internationaux afin de faciliter leur adaptation \u00e0 la vie \u00e0 Moscou et de renforcer leur assurance dans un nouvel environnement culturel et social.\n        <\/li>\n        <li>\n          <b>Sechenov\u2019s Young Science Entrepreneur<\/b><br>\n          Un environnement scientifique est d\u00e9velopp\u00e9 et un accompagnement est assur\u00e9 aux \u00e9tudiants tout au long de l\u2019\u00e9laboration de leurs propres projets de recherche.\n        <\/li>\n        <li>\n          <b>International Student Society<\/b><br>\n          La culture des pays d\u2019origine des \u00e9tudiants internationaux est valoris\u00e9e et les liens entre plus de 30 communaut\u00e9s d\u2019\u00e9tudiants internationaux et russes sont renforc\u00e9s.\n        <\/li>\n        <li>\n          <b>Espaces de recherche modernes<\/b><br>\n          Plus de 35 000 m\u00b2 de locaux de recherche de haute technologie.\n        <\/li>\n        <li>\n          <b>Sept instituts de recherche\n          <\/b><br>\n          Sp\u00e9cialis\u00e9s dans la recherche biom\u00e9dicale et bio-ing\u00e9nierique.\n        <\/li>\n        <li>\n          <b>Vie \u00e9tudiante active<\/b><br>\n          Plus de 130 communaut\u00e9s \u00e9tudiantes dans les domaines de la science, de la culture et du sport.\n        <\/li>\n      <\/ul>\n    <\/div>\n  <\/div>\n<\/section>\n","protected":false},"excerpt":{"rendered":"<p>Home About the University \u00c0 propos de l\u2019universit\u00e9 Mission de Sechenov University La mission de Sechenov University consiste \u00e0 am\u00e9liorer en permanence la qualit\u00e9 de vie des personnes gr\u00e2ce au d\u00e9veloppement de la recherche biom\u00e9dicale interdisciplinaire et \u00e0 la cr\u00e9ation d\u2019un enseignement avanc\u00e9, fond\u00e9 sur la science, reposant sur l\u2019innovation, les d\u00e9veloppements et leur application [&hellip;]<\/p>\n","protected":false},"author":1,"featured_media":0,"parent":0,"menu_order":0,"comment_status":"closed","ping_status":"closed","template":"template-static.php","meta":{"footnotes":""},"class_list":["post-873","page","type-page","status-publish","hentry"],"yoast_head":"<!-- This site is optimized with the Yoast SEO plugin v26.5 - https:\/\/yoast.com\/wordpress\/plugins\/seo\/ -->\n<title>\u00c0 propos de Sechenov University \u2014 principale universit\u00e9 de m\u00e9decine de Russie<\/title>\n<meta name=\"description\" content=\"Sechenov University est la principale universit\u00e9 de m\u00e9decine de Russie, avec une reconnaissance internationale et des programmes destin\u00e9s aux \u00e9tudiants internationaux.\" \/>\n<meta name=\"robots\" content=\"index, follow, max-snippet:-1, max-image-preview:large, max-video-preview:-1\" \/>\n<link rel=\"canonical\" href=\"https:\/\/sechenov.co.za\/fr\/about\/\" \/>\n<meta property=\"og:locale\" content=\"fr_FR\" \/>\n<meta property=\"og:type\" content=\"article\" \/>\n<meta property=\"og:title\" content=\"\u00c0 propos de Sechenov University \u2014 principale universit\u00e9 de m\u00e9decine de Russie\" \/>\n<meta property=\"og:description\" content=\"Sechenov University est la principale universit\u00e9 de m\u00e9decine de Russie, avec une reconnaissance internationale et des programmes destin\u00e9s aux \u00e9tudiants internationaux.\" \/>\n<meta property=\"og:url\" content=\"https:\/\/sechenov.co.za\/fr\/about\/\" \/>\n<meta property=\"og:site_name\" content=\"Sechenov University Africa\" \/>\n<meta property=\"article:modified_time\" content=\"2026-04-08T08:24:18+00:00\" \/>\n<meta name=\"twitter:card\" content=\"summary_large_image\" \/>\n<meta name=\"twitter:label1\" content=\"Dur\u00e9e de lecture estim\u00e9e\" \/>\n\t<meta name=\"twitter:data1\" content=\"2 minutes\" \/>\n<script type=\"application\/ld+json\" class=\"yoast-schema-graph\">{\"@context\":\"https:\/\/schema.org\",\"@graph\":[{\"@type\":\"WebPage\",\"@id\":\"https:\/\/sechenov.co.za\/fr\/about\/\",\"url\":\"https:\/\/sechenov.co.za\/fr\/about\/\",\"name\":\"\u00c0 propos de Sechenov University \u2014 principale universit\u00e9 de m\u00e9decine de Russie\",\"isPartOf\":{\"@id\":\"https:\/\/sechenov.co.za\/en\/#website\"},\"datePublished\":\"2025-12-23T10:17:29+00:00\",\"dateModified\":\"2026-04-08T08:24:18+00:00\",\"description\":\"Sechenov University est la principale universit\u00e9 de m\u00e9decine de Russie, avec une reconnaissance internationale et des programmes destin\u00e9s aux \u00e9tudiants internationaux.\",\"breadcrumb\":{\"@id\":\"https:\/\/sechenov.co.za\/fr\/about\/#breadcrumb\"},\"inLanguage\":\"fr-FR\",\"potentialAction\":[{\"@type\":\"ReadAction\",\"target\":[\"https:\/\/sechenov.co.za\/fr\/about\/\"]}]},{\"@type\":\"BreadcrumbList\",\"@id\":\"https:\/\/sechenov.co.za\/fr\/about\/#breadcrumb\",\"itemListElement\":[{\"@type\":\"ListItem\",\"position\":1,\"name\":\"\u0413\u043b\u0430\u0432\u043d\u0430\u044f \u0441\u0442\u0440\u0430\u043d\u0438\u0446\u0430\",\"item\":\"https:\/\/sechenov.co.za\/fr\/\"},{\"@type\":\"ListItem\",\"position\":2,\"name\":\"\u00c0 propos de l\u2019universit\u00e9\"}]},{\"@type\":\"WebSite\",\"@id\":\"https:\/\/sechenov.co.za\/en\/#website\",\"url\":\"https:\/\/sechenov.co.za\/en\/\",\"name\":\"Sechenov University Africa\",\"description\":\"\",\"potentialAction\":[{\"@type\":\"SearchAction\",\"target\":{\"@type\":\"EntryPoint\",\"urlTemplate\":\"https:\/\/sechenov.co.za\/en\/?s={search_term_string}\"},\"query-input\":{\"@type\":\"PropertyValueSpecification\",\"valueRequired\":true,\"valueName\":\"search_term_string\"}}],\"inLanguage\":\"fr-FR\"}]}<\/script>\n<!-- \/ Yoast SEO plugin. -->","yoast_head_json":{"title":"\u00c0 propos de Sechenov University \u2014 principale universit\u00e9 de m\u00e9decine de Russie","description":"Sechenov University est la principale universit\u00e9 de m\u00e9decine de Russie, avec une reconnaissance internationale et des programmes destin\u00e9s aux \u00e9tudiants internationaux.","robots":{"index":"index","follow":"follow","max-snippet":"max-snippet:-1","max-image-preview":"max-image-preview:large","max-video-preview":"max-video-preview:-1"},"canonical":"https:\/\/sechenov.co.za\/fr\/about\/","og_locale":"fr_FR","og_type":"article","og_title":"\u00c0 propos de Sechenov University \u2014 principale universit\u00e9 de m\u00e9decine de Russie","og_description":"Sechenov University est la principale universit\u00e9 de m\u00e9decine de Russie, avec une reconnaissance internationale et des programmes destin\u00e9s aux \u00e9tudiants internationaux.","og_url":"https:\/\/sechenov.co.za\/fr\/about\/","og_site_name":"Sechenov University Africa","article_modified_time":"2026-04-08T08:24:18+00:00","twitter_card":"summary_large_image","twitter_misc":{"Dur\u00e9e de lecture estim\u00e9e":"2 minutes"},"schema":{"@context":"https:\/\/schema.org","@graph":[{"@type":"WebPage","@id":"https:\/\/sechenov.co.za\/fr\/about\/","url":"https:\/\/sechenov.co.za\/fr\/about\/","name":"\u00c0 propos de Sechenov University \u2014 principale universit\u00e9 de m\u00e9decine de Russie","isPartOf":{"@id":"https:\/\/sechenov.co.za\/en\/#website"},"datePublished":"2025-12-23T10:17:29+00:00","dateModified":"2026-04-08T08:24:18+00:00","description":"Sechenov University est la principale universit\u00e9 de m\u00e9decine de Russie, avec une reconnaissance internationale et des programmes destin\u00e9s aux \u00e9tudiants internationaux.","breadcrumb":{"@id":"https:\/\/sechenov.co.za\/fr\/about\/#breadcrumb"},"inLanguage":"fr-FR","potentialAction":[{"@type":"ReadAction","target":["https:\/\/sechenov.co.za\/fr\/about\/"]}]},{"@type":"BreadcrumbList","@id":"https:\/\/sechenov.co.za\/fr\/about\/#breadcrumb","itemListElement":[{"@type":"ListItem","position":1,"name":"\u0413\u043b\u0430\u0432\u043d\u0430\u044f \u0441\u0442\u0440\u0430\u043d\u0438\u0446\u0430","item":"https:\/\/sechenov.co.za\/fr\/"},{"@type":"ListItem","position":2,"name":"\u00c0 propos de l\u2019universit\u00e9"}]},{"@type":"WebSite","@id":"https:\/\/sechenov.co.za\/en\/#website","url":"https:\/\/sechenov.co.za\/en\/","name":"Sechenov University Africa","description":"","potentialAction":[{"@type":"SearchAction","target":{"@type":"EntryPoint","urlTemplate":"https:\/\/sechenov.co.za\/en\/?s={search_term_string}"},"query-input":{"@type":"PropertyValueSpecification","valueRequired":true,"valueName":"search_term_string"}}],"inLanguage":"fr-FR"}]}},"_links":{"self":[{"href":"https:\/\/sechenov.co.za\/fr\/wp-json\/wp\/v2\/pages\/873","targetHints":{"allow":["GET"]}}],"collection":[{"href":"https:\/\/sechenov.co.za\/fr\/wp-json\/wp\/v2\/pages"}],"about":[{"href":"https:\/\/sechenov.co.za\/fr\/wp-json\/wp\/v2\/types\/page"}],"author":[{"embeddable":true,"href":"https:\/\/sechenov.co.za\/fr\/wp-json\/wp\/v2\/users\/1"}],"replies":[{"embeddable":true,"href":"https:\/\/sechenov.co.za\/fr\/wp-json\/wp\/v2\/comments?post=873"}],"version-history":[{"count":4,"href":"https:\/\/sechenov.co.za\/fr\/wp-json\/wp\/v2\/pages\/873\/revisions"}],"predecessor-version":[{"id":965,"href":"https:\/\/sechenov.co.za\/fr\/wp-json\/wp\/v2\/pages\/873\/revisions\/965"}],"wp:attachment":[{"href":"https:\/\/sechenov.co.za\/fr\/wp-json\/wp\/v2\/media?parent=873"}],"curies":[{"name":"wp","href":"https:\/\/api.w.org\/{rel}","templated":true}]}}