{"id":878,"date":"2025-12-23T13:56:00","date_gmt":"2025-12-23T10:56:00","guid":{"rendered":"https:\/\/study-medicine.ng\/?page_id=878"},"modified":"2026-04-13T12:18:25","modified_gmt":"2026-04-13T09:18:25","slug":"admissions","status":"publish","type":"page","link":"https:\/\/sechenov.co.za\/fr\/admissions\/","title":{"rendered":"Candidat"},"content":{"rendered":"\n<section class=\"breadcrumbs\" aria-label=\"breadcrumbs\">\n  <div class=\"container\">\n    <ul class=\"breadcrumbs__list\">\n      <li class=\"breadcrumbs__item\">\n        <a href=\"\/en\/\" class=\"breadcrumbs__link\">Home<\/a>\n      <\/li>\n      <li class=\"breadcrumbs__item\">\n        <a href=\"#\" class=\"breadcrumbs__link\">Candidat<\/a>\n      <\/li>\n    <\/ul>\n  <\/div>\n<\/section>\n\n<div class=\"page-header\">\n  <div class=\"container\">\n    <h1 class=\"page-title\">Candidat<\/h1>\n  <\/div>\n<\/div>\n\n<section class=\"banner banner_margin-bottom\">\n  <div class=\"container\">\n    <div class=\"banner__item\">\n      <picture class=\"banner__overlay-wrapper\">\n        <source \n          media=\"(max-width: 767px)\" \n          srcset=\"\/wp-content\/themes\/se4\/images\/photos\/admissions-banner-1-mobile.webp 1x,\n                  \/wp-content\/themes\/se4\/images\/photos\/admissions-banner-1-mobile@2x.webp 2x\"\n          type=\"image\/webp\">\n        <source \n          media=\"(min-width: 768px)\" \n          srcset=\"\/wp-content\/themes\/se4\/images\/photos\/admissions-banner-1-desktop.webp 1x,\n                  \/wp-content\/themes\/se4\/images\/photos\/admissions-banner-1-desktop@2x.webp 2x\"\n          type=\"image\/webp\">\n        <img decoding=\"async\" \n          class=\"banner__image image-cover\" \n          src=\"\/wp-content\/themes\/se4\/images\/photos\/admissions-banner-1-desktop.webp\" \n          alt=\"Sechenov University is a leading center of education\"\n          loading=\"eager\"\n          fetchpriority=\"high\"\n          width=\"554\"\n          height=\"530\">\n      <\/picture>\n      <div class=\"banner__content\">\n        <h2 class=\"banner__title\">\n          Sechenov University est un centre de premier plan dans les domaines de l\u2019enseignement, de la science et du stage clinique.\n        <\/h2>\n        <p class=\"banner__text\">\n          L\u2019universit\u00e9 forme des sp\u00e9cialistes hautement qualifi\u00e9s dans les domaines m\u00e9dical et scientifique. Les traditions de ses \u00e9coles scientifiques associent la recherche fondamentale et appliqu\u00e9e, la conduite d\u2019essais exp\u00e9rimentaux et cliniques, ainsi que l\u2019int\u00e9gration des r\u00e9sultats obtenus dans le processus d\u2019enseignement et la pratique m\u00e9dicale.\n        <\/p>\n      <\/div>\n    <\/div>\n  <\/div>\n<\/section>\n\n<section class=\"section--px-large section--py-large official-links\">\n  <div class=\"container section__container\">\n    <div class=\"official-links__wrapper\">\n      <div class=\"official-links__left\">\n        <a href=\"https:\/\/sechenov.co.za\/fr\/\" class=\"official-links__item\" target=\"_blank\" rel=\"noopener\">\n          <picture class=\"hover-blend-overlay official-links__image-wrapper\">\n            <source media=\"(max-width: 768px)\" srcset=\"\/wp-content\/themes\/se4\/images\/photos\/student-life-mobile.webp\">\n            <img decoding=\"async\" class=\"official-links__image image-cover\" src=\"\/wp-content\/themes\/se4\/images\/photos\/student-life.webp\"\n              aria-label=\"Study at Sechenov\" \/>\n          <\/picture>\n          <div class=\"official-links__content\">\n            <div class=\"official-links__text\">\n              Informations sur l\u2019admission, les facult\u00e9s, les programmes d\u2019\u00e9tudes, les \u00e9quipements et les cliniques universitaires.\n            <\/div>\n            <div class=\"official-links__link external-link\">\n              Site consacr\u00e9 \u00e0 l\u2019admission et aux \u00e9tudes\n            <\/div>\n          <\/div>\n        <\/a>\n        <a href=\"https:\/\/sechenov.africa\/fr\/\" class=\"official-links__item\" target=\"_blank\" rel=\"noopener\">\n          <picture class=\"hover-blend-overlay official-links__image-wrapper\">\n            <source media=\"(max-width: 768px)\" srcset=\"\/wp-content\/themes\/se4\/images\/photos\/training-program-mobile.webp\">\n            <img decoding=\"async\" class=\"official-links__image image-cover\" src=\"\/wp-content\/themes\/se4\/images\/photos\/training-program.webp\"\n              aria-label=\"Life at Sechenov\" \/>\n          <\/picture>\n          <div class=\"official-links__content\">\n            <div class=\"official-links__text\">\n              Informations sur l\u2019adaptation et la vie \u00e9tudiante \u00e0 Moscou, ainsi que t\u00e9moignages r\u00e9els d\u2019\u00e9tudiants et de dipl\u00f4m\u00e9s.\n            <\/div>\n            <div class=\"official-links__link external-link\">\n              Site consacr\u00e9 \u00e0 la vie \u00e9tudiante\n            <\/div>\n          <\/div>\n        <\/a>\n      <\/div>\n      <a href=\"https:\/\/international.sechenov.ru\/en\" class=\"official-links__right official-links__item\" target=\"_blank\"\n        rel=\"noopener\">\n        <picture class=\"hover-blend-overlay official-links__image-wrapper\">\n          <source media=\"(max-width: 768px)\" srcset=\"\/wp-content\/themes\/se4\/images\/photos\/official-site-mobile.webp\">\n          <img decoding=\"async\" class=\"official-links__image image-cover\" src=\"\/wp-content\/themes\/se4\/images\/photos\/official-site.webp\"\n            aria-label=\"Information Portal\" \/>\n        <\/picture>\n        <div class=\"official-links__content\">\n          <div class=\"official-links__text official-links__text-dark\">\n            Site officiel de Sechenov University repr\u00e9sent\u00e9 au Nigeria, au Ghana et au Cameroun. Une consultation sur les questions d\u2019admission peut \u00eatre obtenue sur le Portail d\u2019information destin\u00e9 aux candidats internationaux.\n          <\/div>\n          <div class=\"official-links__link external-link external-link_white\">\n            Portail d\u2019information \n          <\/div>\n        <\/div>\n      <\/a>\n    <\/div>\n  <\/div>\n<\/section>\n\n<section class=\"content-cms\">\n  <div class=\"container\">\n    <div class=\"block\">\n      <h2>Pour les candidats du Nigeria, du Ghana et du Cameroun<\/h2>\n      <p>Des programmes MBBS dispens\u00e9s en anglais sont actuellement disponibles \u00e0 Sechenov University dans les fili\u00e8res cl\u00e9s suivantes:\n      <\/p>\n      <ul>\n        <li>General Medicine\n        <\/li>\n        <li>Dentistry<\/li>\n        <li>Pharmacy<\/li>\n      <\/ul>\n      <p>\n        Les programmes suivants sont accessibles aux \u00e9tudiants internationaux pour la poursuite de leur parcours acad\u00e9mique:\n      <\/p>\n      <div>\n        <div class=\"list-header\">\n          Master:\n        <\/div>\n        <ul>\n          <li>Public Health (parcours \u00abEpidemiology\u00bb)\n          <\/li>\n          <li>Biology (parcours \u00abInnovative Drugs\u00bb)\n          <\/li>\n          <li>Biotechnology (parcours \u00abPharmaceutical Ecology\u00bb)<\/li>\n        <\/ul>\n      <\/div>\n      <div>\n        <div class=\"list-header\">\n          Programmes de doctorat:\n        <\/div>\n        <ul>\n          <li>Doctorat<\/li>\n          <li>R\u00e9sidanat clinique<\/li>\n        <\/ul>\n      <\/div>\n      <blockquote>\n        <p>\n          L\u2019universit\u00e9 propose \u00e9galement un d\u00e9partement pr\u00e9paratoire, dans lequel les \u00e9tudiants \u00e9tudient la langue russe, la biologie, la chimie et la physique. Ces cours aident \u00e0 se pr\u00e9parer \u00e0 un enseignement en russe (facultatif) et facilitent l\u2019adaptation \u00e0 la vie et aux \u00e9tudes en Russie.\n        <\/p>\n      <\/blockquote>\n    <\/div>\n    <div class=\"block\">\n      <p>Les programmes d\u2019\u00e9tudes de Sechenov University associent les meilleures pratiques russes et internationales, la science fondamentale et l\u2019interdisciplinarit\u00e9. Les \u00e9tudiants construisent eux-m\u00eames leur parcours de formation en d\u00e9veloppant des comp\u00e9tences scientifiques et professionnelles transversales. Un \u00e9quilibre r\u00e9fl\u00e9chi entre les disciplines leur permet d\u2019obtenir des r\u00e9sultats remarquables dans les \u00e9tudes tout en participant activement \u00e0 des activit\u00e9s sportives, culturelles et sociales.<\/p>\n    <\/div>\n  <\/div>\n<\/section>\n","protected":false},"excerpt":{"rendered":"<p>Home Candidat Candidat Sechenov University est un centre de premier plan dans les domaines de l\u2019enseignement, de la science et du stage clinique. L\u2019universit\u00e9 forme des sp\u00e9cialistes hautement qualifi\u00e9s dans les domaines m\u00e9dical et scientifique. Les traditions de ses \u00e9coles scientifiques associent la recherche fondamentale et appliqu\u00e9e, la conduite d\u2019essais exp\u00e9rimentaux et cliniques, ainsi que [&hellip;]<\/p>\n","protected":false},"author":1,"featured_media":0,"parent":0,"menu_order":0,"comment_status":"closed","ping_status":"closed","template":"template-static.php","meta":{"footnotes":""},"class_list":["post-878","page","type-page","status-publish","hentry"],"yoast_head":"<!-- This site is optimized with the Yoast SEO plugin v26.5 - https:\/\/yoast.com\/wordpress\/plugins\/seo\/ -->\n<title>Admission \u00e0 Sechenov University \u2014 m\u00e9decine<\/title>\n<meta name=\"description\" content=\"Informations sur l\u2019admission pour les \u00e9tudiants du Nigeria, du Ghana et du Cameroun. Exigences, documents et programmes en anglais.\" \/>\n<meta name=\"robots\" content=\"index, follow, max-snippet:-1, max-image-preview:large, max-video-preview:-1\" \/>\n<link rel=\"canonical\" href=\"https:\/\/sechenov.co.za\/fr\/admissions\/\" \/>\n<meta property=\"og:locale\" content=\"fr_FR\" \/>\n<meta property=\"og:type\" content=\"article\" \/>\n<meta property=\"og:title\" content=\"Admission \u00e0 Sechenov University \u2014 m\u00e9decine\" \/>\n<meta property=\"og:description\" content=\"Informations sur l\u2019admission pour les \u00e9tudiants du Nigeria, du Ghana et du Cameroun. Exigences, documents et programmes en anglais.\" \/>\n<meta property=\"og:url\" content=\"https:\/\/sechenov.co.za\/fr\/admissions\/\" \/>\n<meta property=\"og:site_name\" content=\"Sechenov University Africa\" \/>\n<meta property=\"article:modified_time\" content=\"2026-04-13T09:18:25+00:00\" \/>\n<meta name=\"twitter:card\" content=\"summary_large_image\" \/>\n<meta name=\"twitter:label1\" content=\"Dur\u00e9e de lecture estim\u00e9e\" \/>\n\t<meta name=\"twitter:data1\" content=\"3 minutes\" \/>\n<script type=\"application\/ld+json\" class=\"yoast-schema-graph\">{\"@context\":\"https:\/\/schema.org\",\"@graph\":[{\"@type\":\"WebPage\",\"@id\":\"https:\/\/sechenov.co.za\/fr\/admissions\/\",\"url\":\"https:\/\/sechenov.co.za\/fr\/admissions\/\",\"name\":\"Admission \u00e0 Sechenov University \u2014 m\u00e9decine\",\"isPartOf\":{\"@id\":\"https:\/\/sechenov.co.za\/en\/#website\"},\"datePublished\":\"2025-12-23T10:56:00+00:00\",\"dateModified\":\"2026-04-13T09:18:25+00:00\",\"description\":\"Informations sur l\u2019admission pour les \u00e9tudiants du Nigeria, du Ghana et du Cameroun. Exigences, documents et programmes en anglais.\",\"breadcrumb\":{\"@id\":\"https:\/\/sechenov.co.za\/fr\/admissions\/#breadcrumb\"},\"inLanguage\":\"fr-FR\",\"potentialAction\":[{\"@type\":\"ReadAction\",\"target\":[\"https:\/\/sechenov.co.za\/fr\/admissions\/\"]}]},{\"@type\":\"BreadcrumbList\",\"@id\":\"https:\/\/sechenov.co.za\/fr\/admissions\/#breadcrumb\",\"itemListElement\":[{\"@type\":\"ListItem\",\"position\":1,\"name\":\"\u0413\u043b\u0430\u0432\u043d\u0430\u044f \u0441\u0442\u0440\u0430\u043d\u0438\u0446\u0430\",\"item\":\"https:\/\/sechenov.co.za\/fr\/\"},{\"@type\":\"ListItem\",\"position\":2,\"name\":\"Candidat\"}]},{\"@type\":\"WebSite\",\"@id\":\"https:\/\/sechenov.co.za\/en\/#website\",\"url\":\"https:\/\/sechenov.co.za\/en\/\",\"name\":\"Sechenov University Africa\",\"description\":\"\",\"potentialAction\":[{\"@type\":\"SearchAction\",\"target\":{\"@type\":\"EntryPoint\",\"urlTemplate\":\"https:\/\/sechenov.co.za\/en\/?s={search_term_string}\"},\"query-input\":{\"@type\":\"PropertyValueSpecification\",\"valueRequired\":true,\"valueName\":\"search_term_string\"}}],\"inLanguage\":\"fr-FR\"}]}<\/script>\n<!-- \/ Yoast SEO plugin. -->","yoast_head_json":{"title":"Admission \u00e0 Sechenov University \u2014 m\u00e9decine","description":"Informations sur l\u2019admission pour les \u00e9tudiants du Nigeria, du Ghana et du Cameroun. Exigences, documents et programmes en anglais.","robots":{"index":"index","follow":"follow","max-snippet":"max-snippet:-1","max-image-preview":"max-image-preview:large","max-video-preview":"max-video-preview:-1"},"canonical":"https:\/\/sechenov.co.za\/fr\/admissions\/","og_locale":"fr_FR","og_type":"article","og_title":"Admission \u00e0 Sechenov University \u2014 m\u00e9decine","og_description":"Informations sur l\u2019admission pour les \u00e9tudiants du Nigeria, du Ghana et du Cameroun. Exigences, documents et programmes en anglais.","og_url":"https:\/\/sechenov.co.za\/fr\/admissions\/","og_site_name":"Sechenov University Africa","article_modified_time":"2026-04-13T09:18:25+00:00","twitter_card":"summary_large_image","twitter_misc":{"Dur\u00e9e de lecture estim\u00e9e":"3 minutes"},"schema":{"@context":"https:\/\/schema.org","@graph":[{"@type":"WebPage","@id":"https:\/\/sechenov.co.za\/fr\/admissions\/","url":"https:\/\/sechenov.co.za\/fr\/admissions\/","name":"Admission \u00e0 Sechenov University \u2014 m\u00e9decine","isPartOf":{"@id":"https:\/\/sechenov.co.za\/en\/#website"},"datePublished":"2025-12-23T10:56:00+00:00","dateModified":"2026-04-13T09:18:25+00:00","description":"Informations sur l\u2019admission pour les \u00e9tudiants du Nigeria, du Ghana et du Cameroun. Exigences, documents et programmes en anglais.","breadcrumb":{"@id":"https:\/\/sechenov.co.za\/fr\/admissions\/#breadcrumb"},"inLanguage":"fr-FR","potentialAction":[{"@type":"ReadAction","target":["https:\/\/sechenov.co.za\/fr\/admissions\/"]}]},{"@type":"BreadcrumbList","@id":"https:\/\/sechenov.co.za\/fr\/admissions\/#breadcrumb","itemListElement":[{"@type":"ListItem","position":1,"name":"\u0413\u043b\u0430\u0432\u043d\u0430\u044f \u0441\u0442\u0440\u0430\u043d\u0438\u0446\u0430","item":"https:\/\/sechenov.co.za\/fr\/"},{"@type":"ListItem","position":2,"name":"Candidat"}]},{"@type":"WebSite","@id":"https:\/\/sechenov.co.za\/en\/#website","url":"https:\/\/sechenov.co.za\/en\/","name":"Sechenov University Africa","description":"","potentialAction":[{"@type":"SearchAction","target":{"@type":"EntryPoint","urlTemplate":"https:\/\/sechenov.co.za\/en\/?s={search_term_string}"},"query-input":{"@type":"PropertyValueSpecification","valueRequired":true,"valueName":"search_term_string"}}],"inLanguage":"fr-FR"}]}},"_links":{"self":[{"href":"https:\/\/sechenov.co.za\/fr\/wp-json\/wp\/v2\/pages\/878","targetHints":{"allow":["GET"]}}],"collection":[{"href":"https:\/\/sechenov.co.za\/fr\/wp-json\/wp\/v2\/pages"}],"about":[{"href":"https:\/\/sechenov.co.za\/fr\/wp-json\/wp\/v2\/types\/page"}],"author":[{"embeddable":true,"href":"https:\/\/sechenov.co.za\/fr\/wp-json\/wp\/v2\/users\/1"}],"replies":[{"embeddable":true,"href":"https:\/\/sechenov.co.za\/fr\/wp-json\/wp\/v2\/comments?post=878"}],"version-history":[{"count":4,"href":"https:\/\/sechenov.co.za\/fr\/wp-json\/wp\/v2\/pages\/878\/revisions"}],"predecessor-version":[{"id":969,"href":"https:\/\/sechenov.co.za\/fr\/wp-json\/wp\/v2\/pages\/878\/revisions\/969"}],"wp:attachment":[{"href":"https:\/\/sechenov.co.za\/fr\/wp-json\/wp\/v2\/media?parent=878"}],"curies":[{"name":"wp","href":"https:\/\/api.w.org\/{rel}","templated":true}]}}