{"id":883,"date":"2025-12-23T14:02:08","date_gmt":"2025-12-23T11:02:08","guid":{"rendered":"https:\/\/study-medicine.ng\/?page_id=883"},"modified":"2026-04-13T12:24:34","modified_gmt":"2026-04-13T09:24:34","slug":"faq","status":"publish","type":"page","link":"https:\/\/sechenov.co.za\/fr\/faq\/","title":{"rendered":"Questions fr\u00e9quemment pos\u00e9es"},"content":{"rendered":"\n<section class=\"breadcrumbs\" aria-label=\"breadcrumbs\">\n  <div class=\"container\">\n    <ul class=\"breadcrumbs__list\">\n      <li class=\"breadcrumbs__item\">\n        <a href=\"\/en\/\" class=\"breadcrumbs__link\">Accueil<\/a>\n      <\/li>\n      <li class=\"breadcrumbs__item\">\n        <a href=\"#\" class=\"breadcrumbs__link\">Questions fr\u00e9quemment pos\u00e9es<\/a>\n      <\/li>\n    <\/ul>\n  <\/div>\n<\/section>\n\n<div class=\"page-header\">\n  <div class=\"container\">\n    <h1 class=\"page-title\">Questions fr\u00e9quemment pos\u00e9es<\/h1>\n  <\/div>\n<\/div>\n\n<section class=\"faq-section\">\n  <div class=\"container\">\n    <div class=\"accordion\">\n      <div class=\"accordion-item active\" data-accordion-item>\n  <button class=\"accordion-header\" data-accordion-toggle>\n    <span>O\u00f9 puis-je obtenir une consultation pour l\u2019admission ?<\/span>\n    <div class=\"accordion-header__icon\"><\/div>\n  <\/button>\n  <div class=\"accordion-content\">\n    <div class=\"accordion-text\">\n      Vous pouvez obtenir une consultation aupr\u00e8s des sp\u00e9cialistes du Bureau international via le Portail officiel d\u2019information pour les candidats internationaux \u00e0 l\u2019adresse <a href=\"https:\/\/international.sechenov.ru\/\" target=\"_blank\"\n      rel=\"noopener\">https:\/\/international.sechenov.ru<\/a> ou en envoyant un e-mail \u00e0 <a href=\"mailto:\n      admission@staff.sechenov.ru\">\n       admission@staff.sechenov.ru<\/a>.\n    <\/div>\n  <\/div>\n<\/div>\n      <!-- START \u0414\u0443\u0431\u043b\u0438\u043a\u0430\u0442\u044b en\/parts\/accordion-item.html -->\n      <div class=\"accordion-item\" data-accordion-item>\n        <button class=\"accordion-header\" data-accordion-toggle>\n          <span>Comment postuler \u00e0 l\u2019Universit\u00e9 Setchenov ?<\/span>\n          <div class=\"accordion-header__icon\"><\/div>\n        <\/button>\n        <div class=\"accordion-content\">\n          <div class=\"accordion-text\">\n            <ul>\n              <li>\n                \u00c9tape 1. Cr\u00e9ez votre compte candidat.<\/li>\n              <li>\n                \u00c9tape 2. T\u00e9l\u00e9chargez tous les documents requis dans votre compte.<\/li>\n              <li>\n                \u00c9tape 3. Passez les examens d\u2019entr\u00e9e et obtenez les scores minimum requis.<\/li>\n              <li>\n                \u00c9tape 4. Demandez votre contrat d\u2019\u00e9tudes et attendez qu\u2019il apparaisse dans votre compte (pour les candidats payants).<\/li>\n              <li>\n                \u00c9tape 5. Signez le contrat, effectuez le paiement et t\u00e9l\u00e9chargez les copies scann\u00e9es du contrat sign\u00e9 et du re\u00e7u de paiement.\n              <\/li>\n              <li>\n                \u00c9tape 6. Attendez que le statut de votre candidature passe \u00e0 \u00ab approuv\u00e9 \u00bb, apr\u00e8s quoi vous aurez acc\u00e8s au portail \u00e9tudiant.<\/li>\n              <li>\n                \u00c9tape 7. F\u00e9licitations ! Vous \u00eates officiellement inscrit. Vous pouvez maintenant pr\u00e9parer votre voyage \u00e0 Moscou et, si n\u00e9cessaire, contacter le bureau de migration pour organiser votre visa.<\/li>\n            <\/ul>\n          <\/div>\n        <\/div>\n      <\/div>\n      <div class=\"accordion-item\" data-accordion-item>\n        <button class=\"accordion-header\" data-accordion-toggle>\n          <span>Quels documents dois-je soumettre pour l\u2019admission ?<\/span>\n          <div class=\"accordion-header__icon\"><\/div>\n        <\/button>\n        <div class=\"accordion-content\">\n          <div class=\"accordion-text\">\n            <div>Vous devez fournir les versions originales des documents suivants :\n            <\/div>\n            <ul>\n              <li>\n                Passeport et sa traduction notari\u00e9e en russe.<\/li>\n              <li>\n                Certificat d\u2019\u00e9tudes avec l\u00e9galisation consulaire ou apostille.\n                (Les documents d\u00e9livr\u00e9s dans la F\u00e9d\u00e9ration de Russie ne n\u00e9cessitent pas de l\u00e9galisation, d\u2019apostille ni de reconnaissance.)\n              <\/li>\n              <li>\n                Traduction notari\u00e9e du certificat d\u2019\u00e9tudes en russe.<\/li>\n              <li>\n                Certificat de reconnaissance des \u00e9tudes \u00e9trang\u00e8res (d\u00e9livr\u00e9 par Glavexpertcenter).<br \/>\n                Informations : <a href=\"http:\/\/nic.gov.ru\/en\/proc\/nic\" target=\"_blank\"\n                  rel=\"noopener\">http:\/\/nic.gov.ru\/en\/proc\/nic<\/a>\n              <\/li>\n            <\/ul>\n            <p>\n              Tous les documents d\u00e9livr\u00e9s \u00e0 l\u2019\u00e9tranger doivent \u00eatre l\u00e9galis\u00e9s :<br \/>\n              \u2014 soit par l\u00e9galisation consulaire<br \/>\n              \u2014 soit par apostille (pour les pays de la Convention de La Haye).\n            <\/p>\n            <p>\n              La l\u00e9galisation doit \u00eatre effectu\u00e9e sur les documents originaux, et non sur des copies.\n            <\/p>\n            <p>Chaque pays a ses propres exigences concernant la l\u00e9galisation et la reconnaissance des documents d\u2019\u00e9ducation.<\/p>\n          <\/div>\n        <\/div>\n      <\/div>\n      <div class=\"accordion-item\" data-accordion-item>\n        <button class=\"accordion-header\" data-accordion-toggle>\n          <span>Combien de temps faut-il pour recevoir l\u2019invitation de visa ?<\/span>\n          <div class=\"accordion-header__icon\"><\/div>\n        <\/button>\n        <div class=\"accordion-content\">\n          <div class=\"accordion-text\">\n            <p>L\u2019invitation de visa est d\u00e9livr\u00e9e uniquement apr\u00e8s votre inscription officielle \u00e0 l\u2019universit\u00e9.\n            <\/p>\n            <p>\n              Vous devez contacter le Bureau de migration \u00e0 l\u2019adresse <a href=\"mailto:\n              invitation@staff.sechenov.ru\">\n                invitation@staff.sechenov.ru<\/a> et soumettre les documents requis.\n            <\/p>\n            <p>\n              Une fois vos documents accept\u00e9s, le d\u00e9lai de traitement de l\u2019invitation est de 21 jours ouvrables.\n            <\/p>\n          <\/div>\n        <\/div>\n      <\/div>\n      <div class=\"accordion-item\" data-accordion-item>\n        <button class=\"accordion-header\" data-accordion-toggle>\n          <span>Quelles sont les nouvelles r\u00e8gles d\u2019entr\u00e9e en Russie ?<\/span>\n          <div class=\"accordion-header__icon\"><\/div>\n        <\/button>\n        <div class=\"accordion-content\">\n          <div class=\"accordion-text\">\n            <p>Les citoyens des pays sans visa doivent soumettre \u00e0 l\u2019avance une demande d\u2019entr\u00e9e \u2014 de 3 \u00e0 90 jours avant le voyage \u2014 via l\u2019application mobile ruID ou le portail Gosuslugi et attendre la confirmation.\n            <\/p>\n            <p>\n              Tous les citoyens \u00e9trangers qui n\u2019ont pas encore effectu\u00e9 d\u2019enregistrement biom\u00e9trique en Russie doivent se rendre dans une banque dans les 10 jours suivant leur arriv\u00e9e afin de confirmer leurs donn\u00e9es biom\u00e9triques.\n            <\/p>\n            <p>\n              Sans cette proc\u00e9dure, il est impossible d\u2019obtenir une carte SIM ou d\u2019acc\u00e9der aux services publics.\n            <\/p>\n          <\/div>\n        <\/div>\n      <\/div>\n      <div class=\"accordion-item\" data-accordion-item>\n        <button class=\"accordion-header\" data-accordion-toggle>\n          <span>Ai-je besoin d\u2019une assurance m\u00e9dicale ?<\/span>\n          <div class=\"accordion-header__icon\"><\/div>\n        <\/button>\n        <div class=\"accordion-content\">\n          <div class=\"accordion-text\">\n            <p>Oui, l\u2019assurance sant\u00e9 est obligatoire.<\/p>\n            <p>\n              L\u2019universit\u00e9 accepte les polices d\u2019assurance des compagnies suivantes :\n            <\/p>\n            <ul>\n              <li>Reso<\/li>\n              <li>Energogarant<\/li>\n              <li>Kapital Life<\/li>\n              <li>Lexgarant<\/li>\n              <li>Rosgosstrakh<\/li>\n            <\/ul>\n          <\/div>\n        <\/div>\n      <\/div>\n      <div class=\"accordion-item\" data-accordion-item>\n        <button class=\"accordion-header\" data-accordion-toggle>\n          <span>Quel est le montant des frais de scolarit\u00e9 ?<\/span>\n          <div class=\"accordion-header__icon\"><\/div>\n        <\/button>\n        <div class=\"accordion-content\">\n          <div class=\"accordion-text\">\n            <p>Le co\u00fbt des \u00e9tudes \u00e0 l\u2019Universit\u00e9 Setchenov d\u00e9pend du programme choisi. Les frais de scolarit\u00e9 sont r\u00e9vis\u00e9s chaque ann\u00e9e.\n            <\/p>\n            <p>Les tarifs actuels pour cette ann\u00e9e acad\u00e9mique sont disponibles sur la page du programme choisi sur le site officiel : <a\n              href=\"https:\/\/international.sechenov.ru\/\" target=\"_blank\"\n              rel=\"noopener\">https:\/\/international.sechenov.ru<\/a> ou sur demande par e-mail : <a href=\"mailto:\n              admission@staff.sechenov.ru\">\n                       admission@staff.sechenov.ru<\/a>.\n            <\/p>\n            <p>Les frais de scolarit\u00e9 pour l\u2019ann\u00e9e suivante seront publi\u00e9s \u00e0 l\u2019approche du d\u00e9but de la campagne d\u2019admission 2026.\n            <\/p>\n          <\/div>\n        <\/div>\n      <\/div>\n      <div class=\"accordion-item\" data-accordion-item>\n        <button class=\"accordion-header\" data-accordion-toggle>\n          <span>Comment puis-je payer mes \u00e9tudes si les cartes bancaires \u00e9trang\u00e8res ne fonctionnent pas en Russie ?<\/span>\n          <div class=\"accordion-header__icon\"><\/div>\n        <\/button>\n        <div class=\"accordion-content\">\n          <div class=\"accordion-text\">\n            <p>En raison des restrictions sur l\u2019utilisation des cartes bancaires \u00e9trang\u00e8res en Russie, les frais de scolarit\u00e9 peuvent \u00eatre pay\u00e9s par l\u2019interm\u00e9diaire de banques capables de transf\u00e9rer des fonds vers la Russie. Les \u00e9tudiants choisissent g\u00e9n\u00e9ralement la m\u00e9thode la plus pratique \u2014 via des recruteurs, des connaissances ou leurs propres banques.\n            <\/p>\n            <p>Dans un avenir proche, l\u2019universit\u00e9 pr\u00e9voit d\u2019introduire un syst\u00e8me de paiement permettant aux titulaires internationaux de cartes Visa et MasterCard de payer en roubles (avec certaines limitations selon le pays et une commission d\u2019environ 9,3 %), ainsi qu\u2019une option de transfert en USD via un interm\u00e9diaire (commission de 5 %).<\/p>\n          <\/div>\n        <\/div>\n      <\/div>\n      <div class=\"accordion-item\" data-accordion-item>\n        <button class=\"accordion-header\" data-accordion-toggle>\n          <span>Quel niveau de langue russe est requis pour l\u2019admission ?<\/span>\n          <div class=\"accordion-header__icon\"><\/div>\n        <\/button>\n        <div class=\"accordion-content\">\n          <div class=\"accordion-text\">\n            <p>Pour les programmes enseign\u00e9s en russe, il est important d\u2019avoir une bonne ma\u00eetrise de la langue russe.\n            <\/p>\n            <p>Si vous postulez \u00e0 un programme enseign\u00e9 en anglais, un niveau de russe de base suffit pour la vie quotidienne en ville.\n            <\/p>\n            <p>Pour l\u2019admission aux programmes de sp\u00e9cialiste et de licence, un examen d\u2019entr\u00e9e en russe est requis. Des certificats suppl\u00e9mentaires comme l\u2019IELTS ne sont pas n\u00e9cessaires.\n            <\/p>\n          <\/div>\n        <\/div>\n      <\/div>\n      <div class=\"accordion-item\" data-accordion-item>\n        <button class=\"accordion-header\" data-accordion-toggle>\n          <span>Existe-t-il des bourses pour les \u00e9tudiants internationaux ?<\/span>\n          <div class=\"accordion-header__icon\"><\/div>\n        <\/button>\n        <div class=\"accordion-content\">\n          <div class=\"accordion-text\">\n            <p>L\u2019universit\u00e9 ne propose pas ses propres bourses, subventions ou r\u00e9ductions.<br\/>\n              Les bourses peuvent \u00eatre obtenues de deux mani\u00e8res :\n            <\/p>\n            <ol>\n              <li>Quota du minist\u00e8re de la Science et de l\u2019Enseignement sup\u00e9rieur de la F\u00e9d\u00e9ration de Russie, qui couvre les frais de scolarit\u00e9. Les candidatures peuvent \u00eatre soumises via un formulaire sp\u00e9cial sur le portail officiel.\n              <\/li>\n              <li>\n                Victoire \u00e0 l\u2019Olympiade internationale \u00ab Open Doors: Russian Scholarship Project \u00bb (pour les programmes de master et de doctorat).\n                Les laur\u00e9ats re\u00e7oivent une bourse pour l\u2019ann\u00e9e acad\u00e9mique suivante.\n              <\/li>\n            <\/ol>\n            <p>Important : L\u2019universit\u00e9 ne d\u00e9livre pas de lettres de recommandation, de documents de pr\u00e9-inscription ou d\u2019autres documents pour la candidature aux bourses gouvernementales.<\/p>\n          <\/div>\n        <\/div>\n      <\/div>\n      <div class=\"accordion-item\" data-accordion-item>\n        <button class=\"accordion-header\" data-accordion-toggle>\n          <span>Comment puis-je \u00eatre transf\u00e9r\u00e9 d\u2019une autre universit\u00e9 vers l\u2019Universit\u00e9 Setchenov ?<\/span>\n          <div class=\"accordion-header__icon\"><\/div>\n        <\/button>\n        <div class=\"accordion-content\">\n          <div class=\"accordion-text\">\n            <p>Le transfert direct est autoris\u00e9 uniquement pour les \u00e9tudiants des universit\u00e9s russes.\n            <\/p>\n            <p>Les \u00e9tudiants internationaux doivent postuler en premi\u00e8re ann\u00e9e et peuvent ensuite demander la validation des cours d\u00e9j\u00e0 suivis.<\/p>\n          <\/div>\n        <\/div>\n      <\/div>\n      <!-- END \u0414\u0443\u0431\u043b\u0438\u043a\u0430\u0442\u044b en\/parts\/accordion-item.html -->\n      \n    <\/div>\n  <\/div>\n<\/section>\n","protected":false},"excerpt":{"rendered":"<p>Accueil Questions fr\u00e9quemment pos\u00e9es Questions fr\u00e9quemment pos\u00e9es O\u00f9 puis-je obtenir une consultation pour l\u2019admission ? Vous pouvez obtenir une consultation aupr\u00e8s des sp\u00e9cialistes du Bureau international via le Portail officiel d\u2019information pour les candidats internationaux \u00e0 l\u2019adresse https:\/\/international.sechenov.ru ou en envoyant un e-mail \u00e0 admission@staff.sechenov.ru. Comment postuler \u00e0 l\u2019Universit\u00e9 Setchenov ? \u00c9tape 1. Cr\u00e9ez votre [&hellip;]<\/p>\n","protected":false},"author":1,"featured_media":0,"parent":0,"menu_order":0,"comment_status":"closed","ping_status":"closed","template":"template-static.php","meta":{"footnotes":""},"class_list":["post-883","page","type-page","status-publish","hentry"],"yoast_head":"<!-- This site is optimized with the Yoast SEO plugin v26.5 - https:\/\/yoast.com\/wordpress\/plugins\/seo\/ -->\n<title>Questions et r\u00e9ponses \u2014 \u00e9tudes \u00e0 Sechenov University<\/title>\n<meta name=\"description\" content=\"R\u00e9ponses aux questions fr\u00e9quentes sur les \u00e9tudes de m\u00e9decine en Russie : admission, langue d\u2019enseignement, h\u00e9bergement et visas.\" \/>\n<meta name=\"robots\" content=\"index, follow, max-snippet:-1, max-image-preview:large, max-video-preview:-1\" \/>\n<link rel=\"canonical\" href=\"https:\/\/sechenov.co.za\/fr\/faq\/\" \/>\n<meta property=\"og:locale\" content=\"fr_FR\" \/>\n<meta property=\"og:type\" content=\"article\" \/>\n<meta property=\"og:title\" content=\"Questions et r\u00e9ponses \u2014 \u00e9tudes \u00e0 Sechenov University\" \/>\n<meta property=\"og:description\" content=\"R\u00e9ponses aux questions fr\u00e9quentes sur les \u00e9tudes de m\u00e9decine en Russie : admission, langue d\u2019enseignement, h\u00e9bergement et visas.\" \/>\n<meta property=\"og:url\" content=\"https:\/\/sechenov.co.za\/fr\/faq\/\" \/>\n<meta property=\"og:site_name\" content=\"Sechenov University Africa\" \/>\n<meta property=\"article:modified_time\" content=\"2026-04-13T09:24:34+00:00\" \/>\n<meta name=\"twitter:card\" content=\"summary_large_image\" \/>\n<meta name=\"twitter:label1\" content=\"Dur\u00e9e de lecture estim\u00e9e\" \/>\n\t<meta name=\"twitter:data1\" content=\"5 minutes\" \/>\n<script type=\"application\/ld+json\" class=\"yoast-schema-graph\">{\"@context\":\"https:\/\/schema.org\",\"@graph\":[{\"@type\":\"WebPage\",\"@id\":\"https:\/\/sechenov.co.za\/fr\/faq\/\",\"url\":\"https:\/\/sechenov.co.za\/fr\/faq\/\",\"name\":\"Questions et r\u00e9ponses \u2014 \u00e9tudes \u00e0 Sechenov University\",\"isPartOf\":{\"@id\":\"https:\/\/sechenov.co.za\/en\/#website\"},\"datePublished\":\"2025-12-23T11:02:08+00:00\",\"dateModified\":\"2026-04-13T09:24:34+00:00\",\"description\":\"R\u00e9ponses aux questions fr\u00e9quentes sur les \u00e9tudes de m\u00e9decine en Russie : admission, langue d\u2019enseignement, h\u00e9bergement et visas.\",\"breadcrumb\":{\"@id\":\"https:\/\/sechenov.co.za\/fr\/faq\/#breadcrumb\"},\"inLanguage\":\"fr-FR\",\"potentialAction\":[{\"@type\":\"ReadAction\",\"target\":[\"https:\/\/sechenov.co.za\/fr\/faq\/\"]}]},{\"@type\":\"BreadcrumbList\",\"@id\":\"https:\/\/sechenov.co.za\/fr\/faq\/#breadcrumb\",\"itemListElement\":[{\"@type\":\"ListItem\",\"position\":1,\"name\":\"\u0413\u043b\u0430\u0432\u043d\u0430\u044f \u0441\u0442\u0440\u0430\u043d\u0438\u0446\u0430\",\"item\":\"https:\/\/sechenov.co.za\/fr\/\"},{\"@type\":\"ListItem\",\"position\":2,\"name\":\"Questions fr\u00e9quemment pos\u00e9es\"}]},{\"@type\":\"WebSite\",\"@id\":\"https:\/\/sechenov.co.za\/en\/#website\",\"url\":\"https:\/\/sechenov.co.za\/en\/\",\"name\":\"Sechenov University Africa\",\"description\":\"\",\"potentialAction\":[{\"@type\":\"SearchAction\",\"target\":{\"@type\":\"EntryPoint\",\"urlTemplate\":\"https:\/\/sechenov.co.za\/en\/?s={search_term_string}\"},\"query-input\":{\"@type\":\"PropertyValueSpecification\",\"valueRequired\":true,\"valueName\":\"search_term_string\"}}],\"inLanguage\":\"fr-FR\"}]}<\/script>\n<!-- \/ Yoast SEO plugin. -->","yoast_head_json":{"title":"Questions et r\u00e9ponses \u2014 \u00e9tudes \u00e0 Sechenov University","description":"R\u00e9ponses aux questions fr\u00e9quentes sur les \u00e9tudes de m\u00e9decine en Russie : admission, langue d\u2019enseignement, h\u00e9bergement et visas.","robots":{"index":"index","follow":"follow","max-snippet":"max-snippet:-1","max-image-preview":"max-image-preview:large","max-video-preview":"max-video-preview:-1"},"canonical":"https:\/\/sechenov.co.za\/fr\/faq\/","og_locale":"fr_FR","og_type":"article","og_title":"Questions et r\u00e9ponses \u2014 \u00e9tudes \u00e0 Sechenov University","og_description":"R\u00e9ponses aux questions fr\u00e9quentes sur les \u00e9tudes de m\u00e9decine en Russie : admission, langue d\u2019enseignement, h\u00e9bergement et visas.","og_url":"https:\/\/sechenov.co.za\/fr\/faq\/","og_site_name":"Sechenov University Africa","article_modified_time":"2026-04-13T09:24:34+00:00","twitter_card":"summary_large_image","twitter_misc":{"Dur\u00e9e de lecture estim\u00e9e":"5 minutes"},"schema":{"@context":"https:\/\/schema.org","@graph":[{"@type":"WebPage","@id":"https:\/\/sechenov.co.za\/fr\/faq\/","url":"https:\/\/sechenov.co.za\/fr\/faq\/","name":"Questions et r\u00e9ponses \u2014 \u00e9tudes \u00e0 Sechenov University","isPartOf":{"@id":"https:\/\/sechenov.co.za\/en\/#website"},"datePublished":"2025-12-23T11:02:08+00:00","dateModified":"2026-04-13T09:24:34+00:00","description":"R\u00e9ponses aux questions fr\u00e9quentes sur les \u00e9tudes de m\u00e9decine en Russie : admission, langue d\u2019enseignement, h\u00e9bergement et visas.","breadcrumb":{"@id":"https:\/\/sechenov.co.za\/fr\/faq\/#breadcrumb"},"inLanguage":"fr-FR","potentialAction":[{"@type":"ReadAction","target":["https:\/\/sechenov.co.za\/fr\/faq\/"]}]},{"@type":"BreadcrumbList","@id":"https:\/\/sechenov.co.za\/fr\/faq\/#breadcrumb","itemListElement":[{"@type":"ListItem","position":1,"name":"\u0413\u043b\u0430\u0432\u043d\u0430\u044f \u0441\u0442\u0440\u0430\u043d\u0438\u0446\u0430","item":"https:\/\/sechenov.co.za\/fr\/"},{"@type":"ListItem","position":2,"name":"Questions fr\u00e9quemment pos\u00e9es"}]},{"@type":"WebSite","@id":"https:\/\/sechenov.co.za\/en\/#website","url":"https:\/\/sechenov.co.za\/en\/","name":"Sechenov University Africa","description":"","potentialAction":[{"@type":"SearchAction","target":{"@type":"EntryPoint","urlTemplate":"https:\/\/sechenov.co.za\/en\/?s={search_term_string}"},"query-input":{"@type":"PropertyValueSpecification","valueRequired":true,"valueName":"search_term_string"}}],"inLanguage":"fr-FR"}]}},"_links":{"self":[{"href":"https:\/\/sechenov.co.za\/fr\/wp-json\/wp\/v2\/pages\/883","targetHints":{"allow":["GET"]}}],"collection":[{"href":"https:\/\/sechenov.co.za\/fr\/wp-json\/wp\/v2\/pages"}],"about":[{"href":"https:\/\/sechenov.co.za\/fr\/wp-json\/wp\/v2\/types\/page"}],"author":[{"embeddable":true,"href":"https:\/\/sechenov.co.za\/fr\/wp-json\/wp\/v2\/users\/1"}],"replies":[{"embeddable":true,"href":"https:\/\/sechenov.co.za\/fr\/wp-json\/wp\/v2\/comments?post=883"}],"version-history":[{"count":1,"href":"https:\/\/sechenov.co.za\/fr\/wp-json\/wp\/v2\/pages\/883\/revisions"}],"predecessor-version":[{"id":884,"href":"https:\/\/sechenov.co.za\/fr\/wp-json\/wp\/v2\/pages\/883\/revisions\/884"}],"wp:attachment":[{"href":"https:\/\/sechenov.co.za\/fr\/wp-json\/wp\/v2\/media?parent=883"}],"curies":[{"name":"wp","href":"https:\/\/api.w.org\/{rel}","templated":true}]}}