{"id":887,"date":"2025-12-23T14:07:25","date_gmt":"2025-12-23T11:07:25","guid":{"rendered":"https:\/\/study-medicine.ng\/?page_id=887"},"modified":"2026-04-13T12:19:18","modified_gmt":"2026-04-13T09:19:18","slug":"contacts","status":"publish","type":"page","link":"https:\/\/sechenov.co.za\/fr\/contacts\/","title":{"rendered":"Contacts"},"content":{"rendered":"\n<section class=\"breadcrumbs\" aria-label=\"breadcrumbs\">\n  <div class=\"container\">\n    <ul class=\"breadcrumbs__list\">\n      <li class=\"breadcrumbs__item\">\n        <a href=\"\/en\/\" class=\"breadcrumbs__link\">Accueil<\/a>\n      <\/li>\n      <li class=\"breadcrumbs__item\">\n        <a href=\"#\" class=\"breadcrumbs__link\">Contacts<\/a>\n      <\/li>\n    <\/ul>\n  <\/div>\n<\/section>\n\n<div class=\"page-header\">\n  <div class=\"container\">\n    <h1 class=\"page-title\">Contacts<\/h1>\n  <\/div>\n<\/div>\n\n<section class=\"banner banner--contacts banner_margin-bottom\">\n  <div class=\"container\">\n    <div class=\"banner__item\">\n      <div class=\"banner__overlay-wrapper\">\n        <div class=\"contacts-info\">\n          <div class=\"contacts-organization\">FSAEI HE Premi\u00e8re Universit\u00e9 m\u00e9dicale d\u2019\u00c9tat de Moscou I. M. Setchenov du Minist\u00e8re de la Sant\u00e9 de la F\u00e9d\u00e9ration de Russie (Universit\u00e9 Setchenov)<\/div>\n          <a href=\"https:\/\/www.sechenov.ru\" class=\"contacts-site\" target=\"_blank\" rel=\"noopener\">www.sechenov.ru<\/a>\n        <\/div>\n      <\/div>\n      <div class=\"banner__content\">\n        <div class=\"contacts-item\">\n       <!--   <span class=\"contacts-label\">Centre d\u2019appel <\/span>\n          <a href=\"tel:+74956091400\" class=\"contacts-value contacts-link\">+7 (495) 609-14-00<\/a>\n        <\/div> -->\n\n        <div class=\"contacts-item\">\n          <span class=\"contacts-label\">Bureau des admissions <\/span>\n          <a href=\"tel:+74956229820\" class=\"contacts-value contacts-link\">+7 (495) 622-98-20<\/a>\n        <\/div>\n\n        <div class=\"contacts-item\">\n          <span class=\"contacts-label\">E-mail<\/span>\n          <a href=\"mailto:admission@staff.sechenov.ru\"\n            class=\"contacts-value contacts-link\">admission@staff.sechenov.ru<\/a>\n        <\/div>\n\n        <div class=\"contacts-item\">\n          <span class=\"contacts-label\">Adresse <\/span>\n          <span class=\"contacts-value\">Trubetskaya St., 8 Bld. 2, Moscou, 119048, Russie<\/span>\n        <\/div>\n      <\/div>\n    <\/div>\n  <\/div>\n<\/section>\n\n\n<section class=\"section--px-large section--py-large official-links\">\n  <div class=\"container section__container\">\n    <div class=\"official-links__wrapper\">\n      <div class=\"official-links__left\">\n        <a href=\"https:\/\/sechenov.co.za\/fr\/\" class=\"official-links__item\" target=\"_blank\" rel=\"noopener\">\n          <picture class=\"hover-blend-overlay official-links__image-wrapper\">\n            <source media=\"(max-width: 768px)\" srcset=\"\/wp-content\/themes\/se4\/images\/photos\/student-life-mobile.webp\">\n            <img decoding=\"async\" class=\"official-links__image image-cover\" src=\"\/wp-content\/themes\/se4\/images\/photos\/student-life.webp\"\n              aria-label=\"\u00c9tudier \u00e0 l\u2019Universit\u00e9 Setchenov\" \/>\n          <\/picture>\n          <div class=\"official-links__content\">\n            <div class=\"official-links__text\">\n              Le site officiel de l\u2019Universit\u00e9 Setchenov, repr\u00e9sent\u00e9 en Tunisie, en Alg\u00e9rie et au Maroc\n            <\/div>\n            <div class=\"official-links__link external-link\">\nSite officiel de l\u2019Universit\u00e9 Setchenov pour l\u2019Afrique\n            <\/div>\n          <\/div>\n        <\/a>\n        <a href=\"https:\/\/study-in-russia.africa\/fr\/\" class=\"official-links__item\" target=\"_blank\" rel=\"noopener\">\n          <picture class=\"hover-blend-overlay official-links__image-wrapper\">\n            <source media=\"(max-width: 768px)\" srcset=\"\/wp-content\/themes\/se4\/images\/photos\/training-program-mobile.webp\">\n            <img decoding=\"async\" class=\"official-links__image image-cover\" src=\"\/wp-content\/themes\/se4\/images\/photos\/training-program.webp\"\n              aria-label=\"Vie \u00e0 l\u2019Universit\u00e9 Setchenov\" \/>\n          <\/picture>\n          <div class=\"official-links__content\">\n            <div class=\"official-links__text\">\n              Informations sur l\u2019adaptation \u00e0 la vie et aux \u00e9tudes \u00e0 Moscou, ainsi que des t\u00e9moignages r\u00e9els d\u2019\u00e9tudiants et de dipl\u00f4m\u00e9s.\n            <\/div>\n            <div class=\"official-links__link external-link\">\n              Vie \u00e0 l\u2019Universit\u00e9 Setchenov\n            <\/div>\n          <\/div>\n        <\/a>\n      <\/div>\n      <a href=\"https:\/\/international.sechenov.ru\/en\" class=\"official-links__right official-links__item\" target=\"_blank\"\n        rel=\"noopener\">\n        <picture class=\"hover-blend-overlay official-links__image-wrapper\">\n          <source media=\"(max-width: 768px)\" srcset=\"\/wp-content\/themes\/se4\/images\/photos\/official-site-mobile.webp\">\n          <img decoding=\"async\" class=\"official-links__image image-cover\" src=\"\/wp-content\/themes\/se4\/images\/photos\/official-site.webp\"\n            aria-label=\"Portail d\u2019information\" \/>\n        <\/picture>\n        <div class=\"official-links__content\">\n          <div class=\"official-links__text official-links__text-dark\">\n        Nous vous invitons \u00e0 visiter le site officiel de l\u2019Universit\u00e9 Setchenov en Russie ! Vous pouvez obtenir des informations sur l\u2019admission via le Portail d\u2019information pour les candidats internationaux.\n          <\/div>\n          <div class=\"official-links__link external-link external-link_white\">\n            Portail d\u2019information \n          <\/div>\n        <\/div>\n      <\/a>\n    <\/div>\n  <\/div>\n<\/section>\n","protected":false},"excerpt":{"rendered":"<p>Accueil Contacts Contacts FSAEI HE Premi\u00e8re Universit\u00e9 m\u00e9dicale d\u2019\u00c9tat de Moscou I. M. Setchenov du Minist\u00e8re de la Sant\u00e9 de la F\u00e9d\u00e9ration de Russie (Universit\u00e9 Setchenov) www.sechenov.ru Bureau des admissions +7 (495) 622-98-20 E-mail admission@staff.sechenov.ru Adresse Trubetskaya St., 8 Bld. 2, Moscou, 119048, Russie Le site officiel de l\u2019Universit\u00e9 Setchenov, repr\u00e9sent\u00e9 en Tunisie, en Alg\u00e9rie [&hellip;]<\/p>\n","protected":false},"author":1,"featured_media":0,"parent":0,"menu_order":0,"comment_status":"closed","ping_status":"closed","template":"template-static.php","meta":{"footnotes":""},"class_list":["post-887","page","type-page","status-publish","hentry"],"yoast_head":"<!-- This site is optimized with the Yoast SEO plugin v26.5 - https:\/\/yoast.com\/wordpress\/plugins\/seo\/ -->\n<title>Contacts de Sechenov University pour les candidats<\/title>\n<meta name=\"description\" content=\"Contacter Sechenov University pour obtenir une consultation sur l\u2019admission et les \u00e9tudes des \u00e9tudiants du Nigeria, du Ghana et du Cameroun.\" \/>\n<meta name=\"robots\" content=\"index, follow, max-snippet:-1, max-image-preview:large, max-video-preview:-1\" \/>\n<link rel=\"canonical\" href=\"https:\/\/sechenov.co.za\/fr\/contacts\/\" \/>\n<meta property=\"og:locale\" content=\"fr_FR\" \/>\n<meta property=\"og:type\" content=\"article\" \/>\n<meta property=\"og:title\" content=\"Contacts de Sechenov University pour les candidats\" \/>\n<meta property=\"og:description\" content=\"Contacter Sechenov University pour obtenir une consultation sur l\u2019admission et les \u00e9tudes des \u00e9tudiants du Nigeria, du Ghana et du Cameroun.\" \/>\n<meta property=\"og:url\" content=\"https:\/\/sechenov.co.za\/fr\/contacts\/\" \/>\n<meta property=\"og:site_name\" content=\"Sechenov University Africa\" \/>\n<meta property=\"article:modified_time\" content=\"2026-04-13T09:19:18+00:00\" \/>\n<meta name=\"twitter:card\" content=\"summary_large_image\" \/>\n<meta name=\"twitter:label1\" content=\"Dur\u00e9e de lecture estim\u00e9e\" \/>\n\t<meta name=\"twitter:data1\" content=\"2 minutes\" \/>\n<script type=\"application\/ld+json\" class=\"yoast-schema-graph\">{\"@context\":\"https:\/\/schema.org\",\"@graph\":[{\"@type\":\"WebPage\",\"@id\":\"https:\/\/sechenov.co.za\/fr\/contacts\/\",\"url\":\"https:\/\/sechenov.co.za\/fr\/contacts\/\",\"name\":\"Contacts de Sechenov University pour les candidats\",\"isPartOf\":{\"@id\":\"https:\/\/sechenov.co.za\/en\/#website\"},\"datePublished\":\"2025-12-23T11:07:25+00:00\",\"dateModified\":\"2026-04-13T09:19:18+00:00\",\"description\":\"Contacter Sechenov University pour obtenir une consultation sur l\u2019admission et les \u00e9tudes des \u00e9tudiants du Nigeria, du Ghana et du Cameroun.\",\"breadcrumb\":{\"@id\":\"https:\/\/sechenov.co.za\/fr\/contacts\/#breadcrumb\"},\"inLanguage\":\"fr-FR\",\"potentialAction\":[{\"@type\":\"ReadAction\",\"target\":[\"https:\/\/sechenov.co.za\/fr\/contacts\/\"]}]},{\"@type\":\"BreadcrumbList\",\"@id\":\"https:\/\/sechenov.co.za\/fr\/contacts\/#breadcrumb\",\"itemListElement\":[{\"@type\":\"ListItem\",\"position\":1,\"name\":\"\u0413\u043b\u0430\u0432\u043d\u0430\u044f \u0441\u0442\u0440\u0430\u043d\u0438\u0446\u0430\",\"item\":\"https:\/\/sechenov.co.za\/fr\/\"},{\"@type\":\"ListItem\",\"position\":2,\"name\":\"Contacts\"}]},{\"@type\":\"WebSite\",\"@id\":\"https:\/\/sechenov.co.za\/en\/#website\",\"url\":\"https:\/\/sechenov.co.za\/en\/\",\"name\":\"Sechenov University Africa\",\"description\":\"\",\"potentialAction\":[{\"@type\":\"SearchAction\",\"target\":{\"@type\":\"EntryPoint\",\"urlTemplate\":\"https:\/\/sechenov.co.za\/en\/?s={search_term_string}\"},\"query-input\":{\"@type\":\"PropertyValueSpecification\",\"valueRequired\":true,\"valueName\":\"search_term_string\"}}],\"inLanguage\":\"fr-FR\"}]}<\/script>\n<!-- \/ Yoast SEO plugin. -->","yoast_head_json":{"title":"Contacts de Sechenov University pour les candidats","description":"Contacter Sechenov University pour obtenir une consultation sur l\u2019admission et les \u00e9tudes des \u00e9tudiants du Nigeria, du Ghana et du Cameroun.","robots":{"index":"index","follow":"follow","max-snippet":"max-snippet:-1","max-image-preview":"max-image-preview:large","max-video-preview":"max-video-preview:-1"},"canonical":"https:\/\/sechenov.co.za\/fr\/contacts\/","og_locale":"fr_FR","og_type":"article","og_title":"Contacts de Sechenov University pour les candidats","og_description":"Contacter Sechenov University pour obtenir une consultation sur l\u2019admission et les \u00e9tudes des \u00e9tudiants du Nigeria, du Ghana et du Cameroun.","og_url":"https:\/\/sechenov.co.za\/fr\/contacts\/","og_site_name":"Sechenov University Africa","article_modified_time":"2026-04-13T09:19:18+00:00","twitter_card":"summary_large_image","twitter_misc":{"Dur\u00e9e de lecture estim\u00e9e":"2 minutes"},"schema":{"@context":"https:\/\/schema.org","@graph":[{"@type":"WebPage","@id":"https:\/\/sechenov.co.za\/fr\/contacts\/","url":"https:\/\/sechenov.co.za\/fr\/contacts\/","name":"Contacts de Sechenov University pour les candidats","isPartOf":{"@id":"https:\/\/sechenov.co.za\/en\/#website"},"datePublished":"2025-12-23T11:07:25+00:00","dateModified":"2026-04-13T09:19:18+00:00","description":"Contacter Sechenov University pour obtenir une consultation sur l\u2019admission et les \u00e9tudes des \u00e9tudiants du Nigeria, du Ghana et du Cameroun.","breadcrumb":{"@id":"https:\/\/sechenov.co.za\/fr\/contacts\/#breadcrumb"},"inLanguage":"fr-FR","potentialAction":[{"@type":"ReadAction","target":["https:\/\/sechenov.co.za\/fr\/contacts\/"]}]},{"@type":"BreadcrumbList","@id":"https:\/\/sechenov.co.za\/fr\/contacts\/#breadcrumb","itemListElement":[{"@type":"ListItem","position":1,"name":"\u0413\u043b\u0430\u0432\u043d\u0430\u044f \u0441\u0442\u0440\u0430\u043d\u0438\u0446\u0430","item":"https:\/\/sechenov.co.za\/fr\/"},{"@type":"ListItem","position":2,"name":"Contacts"}]},{"@type":"WebSite","@id":"https:\/\/sechenov.co.za\/en\/#website","url":"https:\/\/sechenov.co.za\/en\/","name":"Sechenov University Africa","description":"","potentialAction":[{"@type":"SearchAction","target":{"@type":"EntryPoint","urlTemplate":"https:\/\/sechenov.co.za\/en\/?s={search_term_string}"},"query-input":{"@type":"PropertyValueSpecification","valueRequired":true,"valueName":"search_term_string"}}],"inLanguage":"fr-FR"}]}},"_links":{"self":[{"href":"https:\/\/sechenov.co.za\/fr\/wp-json\/wp\/v2\/pages\/887","targetHints":{"allow":["GET"]}}],"collection":[{"href":"https:\/\/sechenov.co.za\/fr\/wp-json\/wp\/v2\/pages"}],"about":[{"href":"https:\/\/sechenov.co.za\/fr\/wp-json\/wp\/v2\/types\/page"}],"author":[{"embeddable":true,"href":"https:\/\/sechenov.co.za\/fr\/wp-json\/wp\/v2\/users\/1"}],"replies":[{"embeddable":true,"href":"https:\/\/sechenov.co.za\/fr\/wp-json\/wp\/v2\/comments?post=887"}],"version-history":[{"count":5,"href":"https:\/\/sechenov.co.za\/fr\/wp-json\/wp\/v2\/pages\/887\/revisions"}],"predecessor-version":[{"id":894,"href":"https:\/\/sechenov.co.za\/fr\/wp-json\/wp\/v2\/pages\/887\/revisions\/894"}],"wp:attachment":[{"href":"https:\/\/sechenov.co.za\/fr\/wp-json\/wp\/v2\/media?parent=887"}],"curies":[{"name":"wp","href":"https:\/\/api.w.org\/{rel}","templated":true}]}}